{"id":416,"date":"2022-08-15T21:24:06","date_gmt":"2022-08-15T21:24:06","guid":{"rendered":"https:\/\/facetwlesie.pl\/?page_id=416"},"modified":"2022-08-15T21:24:09","modified_gmt":"2022-08-15T21:24:09","slug":"kontakt","status":"publish","type":"page","link":"https:\/\/facetwlesie.pl\/?page_id=416","title":{"rendered":"Kontakt"},"content":{"rendered":"\n  \n    <section class=\"u-clearfix u-image u-section-1\" id=\"carousel_440e\" data-image-width=\"1200\" data-image-height=\"800\" style=\"background-image: url(&quot;https:\/\/facetwlesie.pl\/wp-content\/uploads\/2022\/08\/14e4d769443273705cb4464caa292a15-4.jpeg&quot;);\">\n      <div class=\"u-clearfix u-sheet u-sheet-1\">\n        <img decoding=\"async\" src=\"https:\/\/facetwlesie.pl\/wp-content\/uploads\/2022\/08\/logo_fwl_fabrica_bial50procenta-1.png\" alt=\"\" class=\"u-image u-image-default u-image-1\" data-image-width=\"500\" data-image-height=\"651\">\n        <div class=\"u-align-left u-container-style u-expanded-width-sm u-expanded-width-xs u-group u-group-1\">\n          <div class=\"u-container-layout u-container-layout-1\">\n            <h1 class=\"u-custom-font u-font-georgia u-text u-text-body-alt-color u-title u-text-1\">Kontakt:<\/h1>\n            <div class=\"u-social-icons u-spacing-14 u-social-icons-1\">\n              <a class=\"u-social-url\" target=\"_blank\" href=\"https:\/\/facebook.com\/facetwlesie\" title=\"FB\"><span class=\"u-file-icon u-icon u-social-facebook u-social-icon u-icon-1\"><img decoding=\"async\" src=\"https:\/\/facetwlesie.pl\/wp-content\/uploads\/2022\/08\/733547.png\" alt=\"\"><\/span>\n              <\/a>\n              <a class=\"u-social-url\" target=\"_blank\" href=\"https:\/\/www.instagram.com\/facetwlesie\/\" title=\"IG\"><span class=\"u-file-icon u-icon u-social-icon u-social-instagram u-icon-2\"><img decoding=\"async\" src=\"https:\/\/facetwlesie.pl\/wp-content\/uploads\/2022\/08\/2111463.png\" alt=\"\"><\/span>\n              <\/a>\n              <a class=\"u-social-url\" target=\"_blank\" data-type=\"YouTube\" title=\"YouTube\" href=\"https:\/\/www.youtube.com\/channel\/UCMdjOhcILSG8fcK6xLXDT9A\"><span class=\"u-file-icon u-icon u-social-icon u-social-youtube u-icon-3\"><img decoding=\"async\" src=\"https:\/\/facetwlesie.pl\/wp-content\/uploads\/2022\/08\/124015.png\" alt=\"\"><\/span>\n              <\/a>\n              <a class=\"u-social-url\" target=\"_blank\" data-type=\"Custom\" title=\"@facetwlesie\" href=\"https:\/\/www.tiktok.com\/@facetwlesie\"><span class=\"u-file-icon u-icon u-social-custom u-social-icon u-icon-4\"><img decoding=\"async\" src=\"https:\/\/facetwlesie.pl\/wp-content\/uploads\/2022\/08\/3046124.png\" alt=\"\"><\/span>\n              <\/a>\n            <\/div>\n          <\/div>\n        <\/div>\n      <\/div>\n    <\/section>\n    <section class=\"u-black u-clearfix u-section-2\" id=\"carousel_5a7e\">\n      <div class=\"u-clearfix u-sheet u-sheet-1\">\n        <div class=\"u-clearfix u-expanded-width u-gutter-20 u-layout-wrap u-layout-wrap-1\">\n          <div class=\"u-layout\">\n            <div class=\"u-layout-row\">\n              <div class=\"u-align-left u-container-style u-layout-cell u-left-cell u-size-30 u-layout-cell-1\">\n                <div class=\"u-container-layout u-container-layout-1\">\n                  <h3 class=\"u-custom-font u-text u-text-font u-text-1\">INFO<\/h3>\n                  <p class=\"u-text u-text-2\"> Osoby zainteresowane nawi\u0105zaniem wsp\u00f3\u0142pracy proszone s\u0105 o kontakt telefoniczny lub mailowy.<br>\n                    <br>&nbsp; &nbsp; &nbsp; &nbsp; &nbsp; &nbsp; &nbsp; facetwlesie@gmail.com<br>&nbsp; &nbsp; &nbsp; &nbsp; &nbsp; &nbsp;<br>&nbsp; &nbsp; &nbsp; &nbsp; &nbsp; &nbsp; &nbsp; +48 790 363 122\n                  <\/p>\n                  <div class=\"u-social-icons u-spacing-6 u-social-icons-1\">\n                    <a class=\"u-social-url\" target=\"_blank\" href=\"mailto:facetwlesie@gmail.com\" title=\"GM\"><span class=\"u-file-icon u-icon u-social-facebook u-social-icon u-icon-1\"><img decoding=\"async\" src=\"https:\/\/facetwlesie.pl\/wp-content\/uploads\/2022\/08\/732200.png\" alt=\"\"><\/span>\n                    <\/a>\n                  <\/div>\n                  <div class=\"u-social-icons u-spacing-14 u-social-icons-2\">\n                    <a class=\"u-social-url\" target=\"_blank\" href=\"mailto:facetwlesie@gmail.com\" title=\"GM\"><span class=\"u-file-icon u-icon u-social-facebook u-social-icon u-icon-2\"><img decoding=\"async\" src=\"https:\/\/facetwlesie.pl\/wp-content\/uploads\/2022\/08\/1384055.png\" alt=\"\"><\/span>\n                    <\/a>\n                  <\/div>\n                <\/div>\n              <\/div>\n              <div class=\"u-align-left u-container-style u-layout-cell u-right-cell u-size-30 u-layout-cell-2\">\n                <div class=\"u-container-layout\" src=\"\">\n                  <div class=\"u-expanded-width u-grey-light-2 u-map u-map-1\">\n                    <div class=\"embed-responsive\">\n                      <iframe class=\"embed-responsive-item\" src=\"\/\/maps.google.com\/maps?output=embed&amp;q=Jaworzno%20polska&amp;z=10&amp;t=m\" data-map=\"JTdCJTIyYWRkcmVzcyUyMiUzQSUyMkphd29yem5vJTIwcG9sc2thJTIyJTJDJTIyem9vbSUyMiUzQTEwJTJDJTIydHlwZUlkJTIyJTNBJTIycm9hZCUyMiUyQyUyMmxhbmclMjIlM0FudWxsJTJDJTIyYXBpS2V5JTIyJTNBbnVsbCUyQyUyMm1hcmtlcnMlMjIlM0ElNUIlNUQlN0Q=\"><\/iframe>\n                    <\/div>\n                  <\/div>\n                <\/div>\n              <\/div>\n            <\/div>\n          <\/div>\n        <\/div>\n      <\/div>\n    <\/section>\n    <section class=\"u-black u-clearfix u-section-3\" id=\"carousel_1c71\">\n      <img decoding=\"async\" src=\"https:\/\/facetwlesie.pl\/wp-content\/uploads\/2022\/08\/0ae56bf72c58b808b3014aea674b0109-8.jpeg\" alt=\"\" class=\"u-align-left u-expanded-width u-image u-image-1\">\n      <div class=\"u-clearfix u-gutter-50 u-layout-wrap u-layout-wrap-1\">\n        <div class=\"u-gutter-0 u-layout\">\n          <div class=\"u-layout-row\">\n            <div class=\"u-align-left u-container-style u-layout-cell u-left-cell u-size-30 u-layout-cell-1\">\n              <div class=\"u-container-layout\">\n                <h2 class=\"u-custom-font u-text u-text-font u-text-1\">Facet w lesie by Loco Daniel Sok\u00f3\u0142.<\/h2>\n                <p class=\"u-text u-text-2\">350 5th Ave, New York, NY 10118<\/p>\n                <p class=\"u-text u-text-3\">1 212-736-3100<\/p>\n                <p class=\"u-text u-text-4\">\n                  <a class=\"u-active-none u-border-none u-btn u-button-link u-button-style u-hover-none u-none u-text-palette-1-base u-btn-1\" href=\"mailto:facetwlesie@gmail.com\">facetwlesie@gmail.com<\/a>\n                <\/p>\n                <img decoding=\"async\" src=\"https:\/\/facetwlesie.pl\/wp-content\/uploads\/2022\/08\/logo_fwl_fabrica_biala-1.png\" alt=\"\" class=\"u-image u-image-default u-image-2\" data-image-width=\"1527\" data-image-height=\"1920\">\n              <\/div>\n            <\/div>\n            <div class=\"u-align-left u-container-style u-layout-cell u-right-cell u-size-30 u-layout-cell-2\">\n              <div class=\"u-container-layout u-container-layout-2\">\n                <h2 class=\"u-align-left u-custom-font u-text u-text-font u-text-5\">B\u0105dz na bierz\u0105co:<\/h2>\n                <p class=\"u-align-left u-text u-text-6\">Zach\u0119cam do zasubskrybowania moich kont w mediach spo\u0142eczno\u015bcioowych:<\/p>\n                <div class=\"u-social-icons u-spacing-14 u-social-icons-1\">\n                  <a class=\"u-social-url\" target=\"_blank\" href=\"https:\/\/facebook.com\/facetwlesie\" title=\"FB\"><span class=\"u-file-icon u-icon u-social-facebook u-social-icon u-icon-1\"><img decoding=\"async\" src=\"https:\/\/facetwlesie.pl\/wp-content\/uploads\/2022\/08\/733547.png\" alt=\"\"><\/span>\n                  <\/a>\n                  <a class=\"u-social-url\" target=\"_blank\" href=\"https:\/\/www.instagram.com\/facetwlesie\/\" title=\"IG\"><span class=\"u-file-icon u-icon u-social-icon u-social-instagram u-icon-2\"><img decoding=\"async\" src=\"https:\/\/facetwlesie.pl\/wp-content\/uploads\/2022\/08\/2111463.png\" alt=\"\"><\/span>\n                  <\/a>\n                  <a class=\"u-social-url\" target=\"_blank\" data-type=\"YouTube\" title=\"YouTube\" href=\"https:\/\/www.youtube.com\/channel\/UCMdjOhcILSG8fcK6xLXDT9A\"><span class=\"u-file-icon u-icon u-social-icon u-social-youtube u-icon-3\"><img decoding=\"async\" src=\"https:\/\/facetwlesie.pl\/wp-content\/uploads\/2022\/08\/124015.png\" alt=\"\"><\/span>\n                  <\/a>\n                  <a class=\"u-social-url\" target=\"_blank\" data-type=\"Custom\" title=\"@facetwlesie\" href=\"https:\/\/www.tiktok.com\/@facetwlesie\"><span class=\"u-file-icon u-icon u-social-custom u-social-icon u-icon-4\"><img decoding=\"async\" src=\"https:\/\/facetwlesie.pl\/wp-content\/uploads\/2022\/08\/3046129.png\" alt=\"\"><\/span>\n                  <\/a>\n                <\/div>\n              <\/div>\n            <\/div>\n          <\/div>\n        <\/div>\n      <\/div>\n    <\/section>\n    \n    \n    \n    \n  \n","protected":false},"excerpt":{"rendered":"<p>Kontakt: INFO Osoby zainteresowane nawi\u0105zaniem wsp\u00f3\u0142pracy proszone s\u0105 o kontakt telefoniczny lub mailowy. &nbsp; &nbsp; &nbsp; &nbsp; &nbsp; &nbsp; &nbsp; facetwlesie@gmail.com&nbsp; &nbsp; &nbsp; &nbsp; &nbsp; &nbsp;&nbsp; &nbsp; &nbsp; &nbsp; &nbsp; &nbsp; &nbsp; +48 790 363 122 Facet w lesie by Loco Daniel Sok\u00f3\u0142. 350 5th Ave, New York, NY 10118 1 212-736-3100 facetwlesie@gmail.com B\u0105dz na &hellip; <a href=\"https:\/\/facetwlesie.pl\/?page_id=416\" class=\"more-link\">Continue reading<span class=\"screen-reader-text\"> &#8222;Kontakt&#8221;<\/span><\/a><\/p>\n","protected":false},"author":1,"featured_media":0,"parent":0,"menu_order":2,"comment_status":"closed","ping_status":"closed","template":"","meta":{"footnotes":""},"class_list":["post-416","page","type-page","status-publish","hentry"],"_links":{"self":[{"href":"https:\/\/facetwlesie.pl\/index.php?rest_route=\/wp\/v2\/pages\/416","targetHints":{"allow":["GET"]}}],"collection":[{"href":"https:\/\/facetwlesie.pl\/index.php?rest_route=\/wp\/v2\/pages"}],"about":[{"href":"https:\/\/facetwlesie.pl\/index.php?rest_route=\/wp\/v2\/types\/page"}],"author":[{"embeddable":true,"href":"https:\/\/facetwlesie.pl\/index.php?rest_route=\/wp\/v2\/users\/1"}],"replies":[{"embeddable":true,"href":"https:\/\/facetwlesie.pl\/index.php?rest_route=%2Fwp%2Fv2%2Fcomments&post=416"}],"version-history":[{"count":1,"href":"https:\/\/facetwlesie.pl\/index.php?rest_route=\/wp\/v2\/pages\/416\/revisions"}],"predecessor-version":[{"id":425,"href":"https:\/\/facetwlesie.pl\/index.php?rest_route=\/wp\/v2\/pages\/416\/revisions\/425"}],"wp:attachment":[{"href":"https:\/\/facetwlesie.pl\/index.php?rest_route=%2Fwp%2Fv2%2Fmedia&parent=416"}],"curies":[{"name":"wp","href":"https:\/\/api.w.org\/{rel}","templated":true}]}}