{"id":415,"date":"2022-08-15T21:24:05","date_gmt":"2022-08-15T21:24:05","guid":{"rendered":"https:\/\/facetwlesie.pl\/?page_id=415"},"modified":"2022-08-15T21:24:08","modified_gmt":"2022-08-15T21:24:08","slug":"glowna","status":"publish","type":"page","link":"https:\/\/facetwlesie.pl\/","title":{"rendered":"G\u0142\u00f3wna"},"content":{"rendered":"\n  \n    <section class=\"u-clearfix u-image u-section-1\" id=\"carousel_440e\" data-image-width=\"1200\" data-image-height=\"800\" style=\"background-image: url(&quot;https:\/\/facetwlesie.pl\/wp-content\/uploads\/2022\/08\/14e4d769443273705cb4464caa292a15-4.jpeg&quot;);\">\n      <div class=\"u-clearfix u-sheet u-sheet-1\">\n        <img decoding=\"async\" src=\"https:\/\/facetwlesie.pl\/wp-content\/uploads\/2022\/08\/logo_fwl_fabrica_bial50procenta-1.png\" alt=\"\" class=\"u-image u-image-default u-image-1\" data-image-width=\"500\" data-image-height=\"651\">\n        <div class=\"u-align-left u-container-style u-expanded-width-sm u-expanded-width-xs u-group u-group-1\">\n          <div class=\"u-container-layout u-container-layout-1\">\n            <h1 class=\"u-custom-font u-font-georgia u-text u-text-body-alt-color u-title u-text-1\">facet w lesie<\/h1>\n            <div class=\"u-social-icons u-spacing-14 u-social-icons-1\">\n              <a class=\"u-social-url\" target=\"_blank\" href=\"https:\/\/facebook.com\/facetwlesie\" title=\"FB\"><span class=\"u-file-icon u-icon u-social-facebook u-social-icon u-icon-1\"><img decoding=\"async\" src=\"https:\/\/facetwlesie.pl\/wp-content\/uploads\/2022\/08\/733547.png\" alt=\"\"><\/span>\n              <\/a>\n              <a class=\"u-social-url\" target=\"_blank\" href=\"https:\/\/www.instagram.com\/facetwlesie\/\" title=\"IG\"><span class=\"u-file-icon u-icon u-social-icon u-social-instagram u-icon-2\"><img decoding=\"async\" src=\"https:\/\/facetwlesie.pl\/wp-content\/uploads\/2022\/08\/2111463.png\" alt=\"\"><\/span>\n              <\/a>\n              <a class=\"u-social-url\" target=\"_blank\" data-type=\"YouTube\" title=\"YouTube\" href=\"https:\/\/www.youtube.com\/channel\/UCMdjOhcILSG8fcK6xLXDT9A\"><span class=\"u-file-icon u-icon u-social-icon u-social-youtube u-icon-3\"><img decoding=\"async\" src=\"https:\/\/facetwlesie.pl\/wp-content\/uploads\/2022\/08\/124015.png\" alt=\"\"><\/span>\n              <\/a>\n              <a class=\"u-social-url\" target=\"_blank\" data-type=\"Custom\" title=\"@facetwlesie\" href=\"https:\/\/www.tiktok.com\/@facetwlesie\"><span class=\"u-file-icon u-icon u-social-custom u-social-icon u-icon-4\"><img decoding=\"async\" src=\"https:\/\/facetwlesie.pl\/wp-content\/uploads\/2022\/08\/3046124.png\" alt=\"\"><\/span>\n              <\/a>\n            <\/div>\n            <a href=\"187526469\" class=\"u-btn u-button-style u-palette-5-base u-text-body-alt-color u-btn-1\">Czytaj Dalej<\/a>\n          <\/div>\n        <\/div>\n      <\/div>\n    <\/section>\n    <section class=\"u-black u-clearfix u-section-2\" id=\"carousel_5a7e\">\n      <div class=\"u-clearfix u-sheet u-sheet-1\">\n        <div class=\"u-clearfix u-expanded-width u-gutter-20 u-layout-wrap u-layout-wrap-1\">\n          <div class=\"u-layout\">\n            <div class=\"u-layout-row\">\n              <div class=\"u-align-left u-container-style u-layout-cell u-left-cell u-size-20 u-size-20-md u-layout-cell-1\">\n                <div class=\"u-container-layout u-valign-middle u-container-layout-1\">\n                  <h3 class=\"u-custom-font u-text u-text-font u-text-1\">INFO<\/h3>\n                  <p class=\"u-text u-text-2\">Go hiking in Norway and discover why the locals can\u2019t get enough of nature. Our most scenic landscapes are definitely best enjoyed on&nbsp;foot.<\/p>\n                  <a href=\"187526469\" class=\"u-btn u-button-style u-palette-5-base u-text-body-alt-color u-btn-1\">Czytaj Dalej...<\/a>\n                <\/div>\n              <\/div>\n              <div class=\"u-align-left u-container-style u-image u-layout-cell u-size-20 u-size-20-md u-image-1\" data-image-width=\"2500\" data-image-height=\"2314\" style=\"background-image: url(&quot;https:\/\/facetwlesie.pl\/wp-content\/uploads\/2022\/08\/DSC5698_201.jpg&quot;);\">\n                <div class=\"u-container-layout\" src=\"\"><\/div>\n              <\/div>\n              <div class=\"u-align-left u-container-style u-image u-layout-cell u-right-cell u-size-20 u-size-20-md u-image-2\" data-image-width=\"2000\" data-image-height=\"2303\" style=\"background-image: url(&quot;https:\/\/facetwlesie.pl\/wp-content\/uploads\/2022\/08\/DSC5713_201.jpg&quot;);\">\n                <div class=\"u-container-layout\" src=\"\"><\/div>\n              <\/div>\n            <\/div>\n          <\/div>\n        <\/div>\n      <\/div>\n    <\/section>\n    <section class=\"u-black u-clearfix u-section-3\" id=\"carousel_efe7\">\n      <div class=\"u-clearfix u-sheet u-sheet-1\">\n        <div class=\"u-clearfix u-expanded-width u-gutter-20 u-layout-wrap u-layout-wrap-1\">\n          <div class=\"u-layout\">\n            <div class=\"u-layout-row\">\n              <div class=\"u-size-20 u-size-30-md\">\n                <div class=\"u-layout-col\">\n                  <div class=\"u-container-style u-image u-layout-cell u-left-cell u-shading u-size-30 u-image-1\" style=\"background-image: linear-gradient(0deg, rgba(0, 0, 0, 0.2), rgba(0, 0, 0, 0.2)), url(&quot;https:\/\/facetwlesie.pl\/wp-content\/uploads\/2022\/08\/14e4d769443273705cb4464caa292a15-4.jpeg&quot;);\">\n                    <div class=\"u-container-layout u-container-layout-1\">\n                      <h3 class=\"u-custom-font u-text u-text-1\">Find your path<\/h3>\n                      <p class=\"u-text u-text-2\">Late spring in Norway: Rays of sunlight are finally showering the landscape, forcing the snow in the mountains to a silent retreat, and waking the flowers after their winter sleep.<\/p>\n                    <\/div>\n                  <\/div>\n                  <div class=\"u-container-style u-image u-layout-cell u-left-cell u-size-30 u-image-2\" style=\"background-image: url(&quot;https:\/\/facetwlesie.pl\/wp-content\/uploads\/2022\/08\/df8f4ca088fb1e96c3381dd782ae305b-4.jpeg&quot;);\">\n                    <div class=\"u-container-layout\"><\/div>\n                  <\/div>\n                <\/div>\n              <\/div>\n              <div class=\"u-size-20 u-size-30-md\">\n                <div class=\"u-layout-col\">\n                  <div class=\"u-container-style u-image u-layout-cell u-size-20 u-image-3\" style=\"background-image: url(&quot;https:\/\/facetwlesie.pl\/wp-content\/uploads\/2022\/08\/4572e65d692a70206d9058f1afaae523-4.jpeg&quot;);\">\n                    <div class=\"u-container-layout\"><\/div>\n                  <\/div>\n                  <div class=\"u-container-style u-image u-layout-cell u-size-20 u-image-4\" style=\"background-image: url(&quot;https:\/\/facetwlesie.pl\/wp-content\/uploads\/2022\/08\/8b6c3085cf245326bb89ea63e3a9be7c-4.jpeg&quot;);\">\n                    <div class=\"u-container-layout\"><\/div>\n                  <\/div>\n                  <div class=\"u-container-style u-image u-layout-cell u-size-20 u-image-5\" style=\"background-image: url(&quot;https:\/\/facetwlesie.pl\/wp-content\/uploads\/2022\/08\/7e07fe7d9b58d116b85bb68cac0ad0a5-4.jpeg&quot;);\">\n                    <div class=\"u-container-layout\"><\/div>\n                  <\/div>\n                <\/div>\n              <\/div>\n              <div class=\"u-size-20 u-size-60-md\">\n                <div class=\"u-layout-col\">\n                  <div class=\"u-container-style u-image u-layout-cell u-right-cell u-size-30 u-image-6\" style=\"background-image: url(&quot;https:\/\/facetwlesie.pl\/wp-content\/uploads\/2022\/08\/600acce987d9794ac56c78a97ccff5a7-4.jpeg&quot;);\">\n                    <div class=\"u-container-layout\"><\/div>\n                  <\/div>\n                  <div class=\"u-container-style u-image u-layout-cell u-right-cell u-shading u-size-30 u-image-7\" style=\"background-image: linear-gradient(0deg, rgba(0, 0, 0, 0.2), rgba(0, 0, 0, 0.2)), url(&quot;https:\/\/facetwlesie.pl\/wp-content\/uploads\/2022\/08\/c80274b95c5e2be6de27fc8f67e8b308-4.jpeg&quot;);\">\n                    <div class=\"u-container-layout u-valign-bottom\">\n                      <h3 class=\"u-custom-font u-text u-text-3\">Go hiking<\/h3>\n                      <p class=\"u-text u-text-4\">Enter the start of the hiking season. After a long winter, people of all age groups and social backgrounds&nbsp;head outdoors and&nbsp;go trekking in the mountains, along the coast, or in the forests.<\/p>\n                    <\/div>\n                  <\/div>\n                <\/div>\n              <\/div>\n            <\/div>\n          <\/div>\n        <\/div>\n      <\/div>\n    <\/section>\n    <section class=\"u-black u-clearfix u-section-4\" id=\"carousel_4c5c\">\n      <div class=\"u-clearfix u-sheet u-sheet-1\">\n        <div class=\"u-container-style u-group u-group-1\">\n          <div class=\"u-container-layout\">\n            <h2 class=\"u-custom-font u-text u-text-1\">hiking in fjord norway<\/h2>\n            <p class=\"u-text u-text-2\">The varied scenery, from popular marked trails and tourist attractions to wild and untamed mythical landscapes, has earned Norway a well-deserved reputation as a major hiking destination in Europe. A few examples of classic (and challenging!)\n                        hiking routes are&nbsp;Preikestolen, Trolltunga, Galdh\u00f8piggen, Besseggen, and&nbsp;Romsdalseggen.<\/p>\n          <\/div>\n        <\/div>\n        <div class=\"u-clearfix u-expanded-width u-gutter-20 u-layout-wrap u-layout-wrap-1\">\n          <div class=\"u-layout\">\n            <div class=\"u-layout-row\">\n              <div class=\"u-container-style u-layout-cell u-left-cell u-size-30 u-layout-cell-1\">\n                <div class=\"u-container-layout\">\n                  <img decoding=\"async\" class=\"u-expanded-width u-image u-image-1\" src=\"https:\/\/facetwlesie.pl\/wp-content\/uploads\/2022\/08\/2c1d5ea3d14ccd65c0cbcf5497a562b7-4.jpeg\">\n                  <p class=\"u-text u-text-3\">These iconic hikes are visited by people from all over the world, and tend to be a bit crowded during weekends from mid-June to the end of July. However, if you hit the trails during weekdays you will probably meet fewer\n                                    people.<\/p>\n                  <a href=\"https:\/\/nicepage.com\/c\/blog-posts-website-mockup\" class=\"u-btn u-button-style u-palette-5-base u-text-body-alt-color u-btn-1\">read more<\/a>\n                <\/div>\n              <\/div>\n              <div class=\"u-container-style u-layout-cell u-right-cell u-size-30 u-layout-cell-2\">\n                <div class=\"u-container-layout\">\n                  <img decoding=\"async\" class=\"u-expanded-width u-image u-image-2\" src=\"https:\/\/facetwlesie.pl\/wp-content\/uploads\/2022\/08\/7caf258988b69cc34f0e0ce89d17a719-4.jpeg\">\n                  <p class=\"u-text u-text-4\">Or you can take the trip when the landscape get painted in red, yellow, and orange during late summer and autumn. At this time, you can enjoy&nbsp;the scenic surroundings practically&nbsp;undisturbed.<\/p>\n                  <a href=\"https:\/\/nicepage.app\" class=\"u-btn u-button-style u-palette-5-base u-text-body-alt-color u-btn-2\">read more<\/a>\n                <\/div>\n              <\/div>\n            <\/div>\n          <\/div>\n        <\/div>\n      <\/div>\n    <\/section>\n    <section class=\"u-clearfix u-image u-shading u-section-5\" src=\"\" id=\"carousel_3032\" style=\"background-image: linear-gradient(0deg, rgba(0, 0, 0, 0.5), rgba(0, 0, 0, 0.5)), url(&quot;https:\/\/facetwlesie.pl\/wp-content\/uploads\/2022\/08\/0ae56bf72c58b808b3014aea674b0109-8.jpeg&quot;);\">\n      <div class=\"u-clearfix u-sheet u-sheet-1\">\n        <div class=\"u-align-left u-container-style u-expanded-width-lg u-expanded-width-md u-expanded-width-xs u-group u-group-1\">\n          <div class=\"u-container-layout u-valign-middle u-container-layout-1\">\n            <h2 class=\"u-custom-font u-text u-text-1\">R\u00f3b dobre rzeczy:<\/h2>\n            <p class=\"u-text u-text-2\">Sample text. Lorem ipsum dolor sit amet, consectetur adipiscing elit nullam nunc justo sagittis suscipit ultrices.<\/p>\n          <\/div>\n        <\/div>\n        <div class=\"u-clearfix u-expanded-width u-layout-wrap u-layout-wrap-1\">\n          <div class=\"u-layout\">\n            <div class=\"u-layout-row\">\n              <div class=\"u-align-center-md u-container-style u-layout-cell u-left-cell u-size-15 u-size-30-md u-layout-cell-1\">\n                <div class=\"u-container-layout u-valign-middle u-container-layout-2\">\n                  <h1 class=\"u-align-center-lg u-align-center-sm u-align-center-xl u-align-center-xs u-custom-font u-text u-title u-text-3\" data-animation-name=\"counter\" data-animation-event=\"scroll\" data-animation-duration=\"3000\">37<\/h1>\n                  <p class=\"u-align-center-lg u-align-center-sm u-align-center-xl u-align-center-xs u-text u-text-4\">Lorem ipsum<\/p>\n                <\/div>\n              <\/div>\n              <div class=\"u-container-style u-layout-cell u-size-15 u-size-30-md u-layout-cell-2\">\n                <div class=\"u-container-layout u-valign-middle u-container-layout-3\">\n                  <h1 class=\"u-align-center u-custom-font u-text u-title u-text-5\" data-animation-name=\"counter\" data-animation-event=\"scroll\" data-animation-duration=\"3000\">65<\/h1>\n                  <p class=\"u-align-center u-text u-text-6\">Lorem ipsum<\/p>\n                <\/div>\n              <\/div>\n              <div class=\"u-container-style u-layout-cell u-size-15 u-size-30-md u-layout-cell-3\">\n                <div class=\"u-container-layout u-valign-middle u-container-layout-4\">\n                  <h1 class=\"u-align-center u-custom-font u-text u-title u-text-7\" data-animation-name=\"counter\" data-animation-event=\"scroll\" data-animation-duration=\"3000\">24<\/h1>\n                  <p class=\"u-align-center u-text u-text-8\">Lorem ipsum<\/p>\n                <\/div>\n              <\/div>\n              <div class=\"u-container-style u-layout-cell u-right-cell u-size-15 u-size-30-md u-layout-cell-4\">\n                <div class=\"u-container-layout u-valign-middle u-container-layout-5\">\n                  <h1 class=\"u-align-center u-custom-font u-text u-title u-text-9\" data-animation-name=\"counter\" data-animation-event=\"scroll\" data-animation-duration=\"3000\">85<\/h1>\n                  <p class=\"u-align-center u-text u-text-10\">Lorem ipsum<\/p>\n                <\/div>\n              <\/div>\n            <\/div>\n          <\/div>\n        <\/div>\n      <\/div>\n    <\/section>\n    <section class=\"u-clearfix u-image u-shading u-section-6\" id=\"carousel_b15d\" style=\"background-image: linear-gradient(0deg, rgba(0, 0, 0, 0.05), rgba(0, 0, 0, 0.05)), url(&quot;https:\/\/facetwlesie.pl\/wp-content\/uploads\/2022\/08\/c5377a02b45fdcae4955c3165f845a1c-4.jpeg&quot;);\">\n      <div class=\"u-clearfix u-sheet u-sheet-1\">\n        <div class=\"u-clearfix u-expanded-width u-layout-wrap u-layout-wrap-1\">\n          <div class=\"u-layout\">\n            <div class=\"u-layout-row\">\n              <div class=\"u-container-style u-layout-cell u-left-cell u-size-30 u-layout-cell-1\">\n                <div class=\"u-container-layout u-valign-middle u-container-layout-1\">\n                  <h2 class=\"u-custom-font u-text u-text-1\">Hiking with the Norwegian Trekking Association<\/h2>\n                  <p class=\"u-text u-text-2\">Norway is an incredible place to explore, with untamed mythical landscapes, mountains, valleys, and fjords. Before you enter the outdoors, get familiar with the nine simple rules of the Norwegian mountain code to help you\n                                    stay&nbsp;safe.<\/p>\n                  <a href=\"https:\/\/nicepage.review\" class=\"u-btn u-button-style u-palette-5-base u-text-body-alt-color u-btn-1\">read more<\/a>\n                <\/div>\n              <\/div>\n              <div class=\"u-container-style u-layout-cell u-right-cell u-size-30 u-layout-cell-2\">\n                <div class=\"u-container-layout u-valign-middle\">\n                  <ul class=\"u-text u-text-3\">\n                    <li>Plan your trip and inform others about the route you have selected.<\/li>\n                    <li>Adapt the planned routes according to ability and conditions.<\/li>\n                    <li>Pay attention to the weather and the avalanche warnings.<\/li>\n                    <li>Be prepared for bad weather and frost, even on short trips.<\/li>\n                    <li>Bring the necessary equipment so you can help yourself and others.<\/li>\n                    <li>Choose safe routes. Recognize avalanche terrain and unsafe ice.<\/li>\n                    <li>Use a map and a compass. Always know where you are.<\/li>\n                  <\/ul>\n                <\/div>\n              <\/div>\n            <\/div>\n          <\/div>\n        <\/div>\n      <\/div>\n    <\/section>\n    <section class=\"u-black u-clearfix u-section-7\" id=\"carousel_3f58\">\n      <div class=\"u-clearfix u-sheet u-sheet-1\">\n        <div class=\"u-clearfix u-expanded-width-lg u-expanded-width-md u-expanded-width-sm u-expanded-width-xs u-gutter-20 u-layout-wrap u-layout-wrap-1\">\n          <div class=\"u-layout\">\n            <div class=\"u-layout-col\">\n              <div class=\"u-size-30\">\n                <div class=\"u-layout-row\">\n                  <div class=\"u-align-left u-container-style u-layout-cell u-left-cell u-size-20 u-layout-cell-1\">\n                    <div class=\"u-container-layout\">\n                      <div alt=\"\" class=\"u-align-left u-image u-image-circle u-image-1\" style=\"background-image: url(&quot;https:\/\/facetwlesie.pl\/wp-content\/uploads\/2022\/08\/96b52da88fa42c3a7a870b7dd1c79d63-4.jpeg&quot;);\"><\/div>\n                    <\/div>\n                  <\/div>\n                  <div class=\"u-align-left u-container-style u-layout-cell u-right-cell u-size-40 u-layout-cell-2\">\n                    <div class=\"u-container-layout u-container-layout-2\">\n                      <p class=\"u-text u-text-1\">\"Aenean pulvinar dui ornare, feugiat lorem non, ultrices justo. Mauris efficitur, mauris in auctor euismod, quam elit ultrices urna, eget eleifend arcu risus id metus. Maecenas ex enim, mattis eu velit vitae, blandit\n                                            mattis sapien. Sed aliquam leo et semper vestibulum.\"<\/p>\n                      <h5 class=\"u-custom-font u-text u-text-2\">Bertie Norton<\/h5>\n                    <\/div>\n                  <\/div>\n                <\/div>\n              <\/div>\n              <div class=\"u-size-30\">\n                <div class=\"u-layout-row\">\n                  <div class=\"u-align-left u-container-style u-layout-cell u-left-cell u-size-40 u-layout-cell-3\">\n                    <div class=\"u-container-layout u-container-layout-3\">\n                      <p class=\"u-text u-text-3\">\"Aenean pulvinar dui ornare, feugiat lorem non, ultrices justo. Mauris efficitur, mauris in auctor euismod, quam elit ultrices urna, eget eleifend arcu risus id metus. Maecenas ex enim, mattis eu velit vitae, blandit\n                                            mattis sapien. Sed aliquam leo et semper vestibulum.\"<\/p>\n                      <h5 class=\"u-custom-font u-text u-text-4\">Frank Kinney<\/h5>\n                    <\/div>\n                  <\/div>\n                  <div class=\"u-align-left u-container-style u-layout-cell u-right-cell u-size-20 u-layout-cell-4\">\n                    <div class=\"u-container-layout\">\n                      <div alt=\"\" class=\"u-align-left u-image u-image-circle u-image-2\" style=\"background-image: url(&quot;https:\/\/facetwlesie.pl\/wp-content\/uploads\/2022\/08\/ca99bdea687e8305d6829571857eaa6b-4.jpeg&quot;);\"><\/div>\n                    <\/div>\n                  <\/div>\n                <\/div>\n              <\/div>\n            <\/div>\n          <\/div>\n        <\/div>\n      <\/div>\n    <\/section>\n    <section class=\"u-black u-clearfix u-section-8\" id=\"carousel_1c71\">\n      <img decoding=\"async\" src=\"https:\/\/facetwlesie.pl\/wp-content\/uploads\/2022\/08\/0ae56bf72c58b808b3014aea674b0109-8.jpeg\" alt=\"\" class=\"u-align-left u-expanded-width u-image u-image-1\">\n      <div class=\"u-clearfix u-gutter-50 u-layout-wrap u-layout-wrap-1\">\n        <div class=\"u-gutter-0 u-layout\">\n          <div class=\"u-layout-row\">\n            <div class=\"u-align-left u-container-style u-layout-cell u-left-cell u-size-30 u-layout-cell-1\">\n              <div class=\"u-container-layout\">\n                <h2 class=\"u-custom-font u-text u-text-font u-text-1\">Facet w lesie by Loco Daniel Sok\u00f3\u0142.<\/h2>\n                <p class=\"u-text u-text-2\">350 5th Ave, New York, NY 10118<\/p>\n                <p class=\"u-text u-text-3\">1 212-736-3100<\/p>\n                <p class=\"u-text u-text-4\">\n                  <a class=\"u-active-none u-border-none u-btn u-button-link u-button-style u-hover-none u-none u-text-palette-1-base u-btn-1\" href=\"mailto:facetwlesie@gmail.com\">facetwlesie@gmail.com<\/a>\n                <\/p>\n                <img decoding=\"async\" src=\"https:\/\/facetwlesie.pl\/wp-content\/uploads\/2022\/08\/logo_fwl_fabrica_biala-1.png\" alt=\"\" class=\"u-image u-image-default u-image-2\" data-image-width=\"1527\" data-image-height=\"1920\">\n              <\/div>\n            <\/div>\n            <div class=\"u-align-left u-container-style u-layout-cell u-right-cell u-size-30 u-layout-cell-2\">\n              <div class=\"u-container-layout u-container-layout-2\">\n                <h2 class=\"u-align-left u-custom-font u-text u-text-font u-text-5\">B\u0105dz na bierz\u0105co:<\/h2>\n                <p class=\"u-align-left u-text u-text-6\">Zach\u0119cam do zasubskrybowania moich kont w mediach spo\u0142eczno\u015bcioowych:<\/p>\n                <div class=\"u-social-icons u-spacing-14 u-social-icons-1\">\n                  <a class=\"u-social-url\" target=\"_blank\" href=\"https:\/\/facebook.com\/facetwlesie\" title=\"FB\"><span class=\"u-file-icon u-icon u-social-facebook u-social-icon u-icon-1\"><img decoding=\"async\" src=\"https:\/\/facetwlesie.pl\/wp-content\/uploads\/2022\/08\/733547.png\" alt=\"\"><\/span>\n                  <\/a>\n                  <a class=\"u-social-url\" target=\"_blank\" href=\"https:\/\/www.instagram.com\/facetwlesie\/\" title=\"IG\"><span class=\"u-file-icon u-icon u-social-icon u-social-instagram u-icon-2\"><img decoding=\"async\" src=\"https:\/\/facetwlesie.pl\/wp-content\/uploads\/2022\/08\/2111463.png\" alt=\"\"><\/span>\n                  <\/a>\n                  <a class=\"u-social-url\" target=\"_blank\" data-type=\"YouTube\" title=\"YouTube\" href=\"https:\/\/www.youtube.com\/channel\/UCMdjOhcILSG8fcK6xLXDT9A\"><span class=\"u-file-icon u-icon u-social-icon u-social-youtube u-icon-3\"><img decoding=\"async\" src=\"https:\/\/facetwlesie.pl\/wp-content\/uploads\/2022\/08\/124015.png\" alt=\"\"><\/span>\n                  <\/a>\n                  <a class=\"u-social-url\" target=\"_blank\" data-type=\"Custom\" title=\"@facetwlesie\" href=\"https:\/\/www.tiktok.com\/@facetwlesie\"><span class=\"u-file-icon u-icon u-social-custom u-social-icon u-icon-4\"><img decoding=\"async\" src=\"https:\/\/facetwlesie.pl\/wp-content\/uploads\/2022\/08\/3046129.png\" alt=\"\"><\/span>\n                  <\/a>\n                <\/div>\n              <\/div>\n            <\/div>\n          <\/div>\n        <\/div>\n      <\/div>\n    <\/section>\n    \n    \n    \n    \n  \n","protected":false},"excerpt":{"rendered":"<p>facet w lesie Czytaj Dalej INFO Go hiking in Norway and discover why the locals can\u2019t get enough of nature. Our most scenic landscapes are definitely best enjoyed on&nbsp;foot. Czytaj Dalej&#8230; Find your path Late spring in Norway: Rays of sunlight are finally showering the landscape, forcing the snow in the mountains to a silent &hellip; <a href=\"https:\/\/facetwlesie.pl\/\" class=\"more-link\">Continue reading<span class=\"screen-reader-text\"> &#8222;G\u0142\u00f3wna&#8221;<\/span><\/a><\/p>\n","protected":false},"author":1,"featured_media":0,"parent":0,"menu_order":1,"comment_status":"closed","ping_status":"closed","template":"","meta":{"footnotes":""},"class_list":["post-415","page","type-page","status-publish","hentry"],"_links":{"self":[{"href":"https:\/\/facetwlesie.pl\/index.php?rest_route=\/wp\/v2\/pages\/415","targetHints":{"allow":["GET"]}}],"collection":[{"href":"https:\/\/facetwlesie.pl\/index.php?rest_route=\/wp\/v2\/pages"}],"about":[{"href":"https:\/\/facetwlesie.pl\/index.php?rest_route=\/wp\/v2\/types\/page"}],"author":[{"embeddable":true,"href":"https:\/\/facetwlesie.pl\/index.php?rest_route=\/wp\/v2\/users\/1"}],"replies":[{"embeddable":true,"href":"https:\/\/facetwlesie.pl\/index.php?rest_route=%2Fwp%2Fv2%2Fcomments&post=415"}],"version-history":[{"count":1,"href":"https:\/\/facetwlesie.pl\/index.php?rest_route=\/wp\/v2\/pages\/415\/revisions"}],"predecessor-version":[{"id":424,"href":"https:\/\/facetwlesie.pl\/index.php?rest_route=\/wp\/v2\/pages\/415\/revisions\/424"}],"wp:attachment":[{"href":"https:\/\/facetwlesie.pl\/index.php?rest_route=%2Fwp%2Fv2%2Fmedia&parent=415"}],"curies":[{"name":"wp","href":"https:\/\/api.w.org\/{rel}","templated":true}]}}